{"id":3475,"date":"2024-05-21T00:19:50","date_gmt":"2024-05-20T22:19:50","guid":{"rendered":"https:\/\/balufy.com\/product\/sea-doo-gtx-1-2\/"},"modified":"2025-04-07T06:04:55","modified_gmt":"2025-04-07T04:04:55","slug":"sea-doo-gtx-1-2","status":"publish","type":"product","link":"https:\/\/pruebas.balufy.com\/es\/product\/sea-doo-gtx-1-2\/","title":{"rendered":"SEA DOO GTX \u2013 1 \/ 2"},"content":{"rendered":"<p><strong>SEA DOO GTX \u2013 1 \/ 2<\/strong><br \/>\n<strong>DESCUBRE MALLORCA\u2026<\/strong><br \/>\n\u00danete a nuestras excursiones guiadas y descubre las calas m\u00e1s impresionantes de aguas cristalinas desde\u00a0Cala D\u2019or\u00a0hasta el\u00a0Cal\u00f2 des Moro.<\/p>\n<p>Podr\u00e1s hacerlo acompa\u00f1ado, pero siempre con la\u00a0m\u00e1xima seguridad\u00a0y bajo la supervisi\u00f3n y profesionalidad de nuestros monitores titulados.<\/p>\n<p>\u00bfTe atreves a pilotar un Jet Ski\u00a0? Siente la adrenalina sobre el mar con nuestros nuevos modelos de\u00a0Jetski\u00a0Sea-Doo,\u00a0comodidad de primera para jornadas largas en el agua y asiento modular para relajarte, presenta una funcionalidad y una capacidad de almacenamiento para que cada salida sea una aventura.<\/p>\n<p>&nbsp;<\/p>\n<p><strong>CARACTER\u00cdSTICAS:<\/strong><\/p>\n<p>3,45m eslora<\/p>\n<p>2 plazas<\/p>\n<p><strong>PRECIO:<\/strong><br \/>\n<strong>0.5H: 99\u20ac<\/strong><br \/>\n<strong>1H : 159\u20ac<\/strong><br \/>\n<strong>1.5H: 199\u20ac<\/strong><\/p>\n<p><strong>*No se necesita licencia*<\/strong><\/p>\n<p>&nbsp;<\/p>\n<p><strong>\u00a1ATENCI\u00d3N A LA SELECCI\u00d3N DE HORARIOS!<\/strong><\/p>\n<p><strong>LA ELECCI\u00d3N DE 30MIN \u2013 1H:<\/strong><\/p>\n<p><strong>El horario de ma\u00f1ana sera de 9:30 a 13:30<\/strong><br \/>\n<strong>El horario de tarde sera de 14:30 a 18:30<\/strong><br \/>\n<strong>*Para mas informaci\u00f3n, modificaci\u00f3n, disponibilidad y reservas\u00a0 llamar al +34 608 007 085*<\/strong><\/p>\n<p><strong>*Las reservas realizadas online SE HAN DE CONFIRMAR OBLIGATORIAMENTE V\u00cdA TELEF\u00d3NICA O WHATSAPP*<\/strong><\/p>\n","protected":false},"excerpt":{"rendered":"<p>SEA DOO GTX \u2013 1 \/ 2 DESCUBRE MALLORCA\u2026 \u00danete a nuestras excursiones guiadas y descubre las calas m\u00e1s impresionantes de aguas cristalinas desde\u00a0Cala D\u2019or\u00a0hasta el\u00a0Cal\u00f2 des Moro. Podr\u00e1s hacerlo acompa\u00f1ado, pero siempre con la\u00a0m\u00e1xima seguridad\u00a0y bajo la supervisi\u00f3n y profesionalidad de nuestros monitores titulados. \u00bfTe atreves a pilotar un Jet Ski\u00a0? Siente la adrenalina [&hellip;]<\/p>\n","protected":false},"featured_media":0,"template":"","meta":[],"product_brand":[],"product_cat":[20],"product_tag":[],"class_list":{"0":"post-3475","1":"product","2":"type-product","3":"status-publish","5":"product_cat-listeo-booking","7":"first","8":"instock","9":"virtual","10":"sold-individually","11":"purchasable","12":"product-type-listing_booking"},"yoast_head":"<!-- This site is optimized with the Yoast SEO plugin v26.5 - https:\/\/yoast.com\/wordpress\/plugins\/seo\/ -->\n<title>SEA DOO GTX \u2013 1 \/ 2 - Balufy<\/title>\n<meta name=\"robots\" content=\"noindex, follow, max-snippet:-1, max-image-preview:large, max-video-preview:-1\" \/>\n<meta property=\"og:locale\" content=\"es_ES\" \/>\n<meta property=\"og:type\" content=\"article\" \/>\n<meta property=\"og:title\" content=\"SEA DOO GTX \u2013 1 \/ 2 - Balufy\" \/>\n<meta property=\"og:description\" content=\"SEA DOO GTX \u2013 1 \/ 2 DESCUBRE MALLORCA\u2026 \u00danete a nuestras excursiones guiadas y descubre las calas m\u00e1s impresionantes de aguas cristalinas desde\u00a0Cala D\u2019or\u00a0hasta el\u00a0Cal\u00f2 des Moro. Podr\u00e1s hacerlo acompa\u00f1ado, pero siempre con la\u00a0m\u00e1xima seguridad\u00a0y bajo la supervisi\u00f3n y profesionalidad de nuestros monitores titulados. \u00bfTe atreves a pilotar un Jet Ski\u00a0? Siente la adrenalina [&hellip;]\" \/>\n<meta property=\"og:url\" content=\"https:\/\/pruebas.balufy.com\/es\/product\/sea-doo-gtx-1-2\/\" \/>\n<meta property=\"og:site_name\" content=\"Balufy\" \/>\n<meta property=\"article:publisher\" content=\"https:\/\/www.facebook.com\/Balufy-102705001596047\" \/>\n<meta property=\"article:modified_time\" content=\"2025-04-07T04:04:55+00:00\" \/>\n<meta name=\"twitter:card\" content=\"summary_large_image\" \/>\n<meta name=\"twitter:label1\" content=\"Tiempo de lectura\" \/>\n\t<meta name=\"twitter:data1\" content=\"1 minuto\" \/>\n<script type=\"application\/ld+json\" class=\"yoast-schema-graph\">{\"@context\":\"https:\/\/schema.org\",\"@graph\":[{\"@type\":\"WebPage\",\"@id\":\"https:\/\/pruebas.balufy.com\/de\/produkt-2\/sea-doo-gtx-1-2\/\",\"url\":\"https:\/\/pruebas.balufy.com\/de\/produkt-2\/sea-doo-gtx-1-2\/\",\"name\":\"SEA DOO GTX \u2013 1 \/ 2 - Balufy\",\"isPartOf\":{\"@id\":\"https:\/\/pruebas.balufy.com\/es\/#website\"},\"datePublished\":\"2024-05-20T22:19:50+00:00\",\"dateModified\":\"2025-04-07T04:04:55+00:00\",\"breadcrumb\":{\"@id\":\"https:\/\/pruebas.balufy.com\/de\/produkt-2\/sea-doo-gtx-1-2\/#breadcrumb\"},\"inLanguage\":\"es\",\"potentialAction\":[{\"@type\":\"ReadAction\",\"target\":[\"https:\/\/pruebas.balufy.com\/de\/produkt-2\/sea-doo-gtx-1-2\/\"]}]},{\"@type\":\"BreadcrumbList\",\"@id\":\"https:\/\/pruebas.balufy.com\/de\/produkt-2\/sea-doo-gtx-1-2\/#breadcrumb\",\"itemListElement\":[{\"@type\":\"ListItem\",\"position\":1,\"name\":\"Portada\",\"item\":\"https:\/\/pruebas.balufy.com\/es\/\"},{\"@type\":\"ListItem\",\"position\":2,\"name\":\"Shop\",\"item\":\"https:\/\/pruebas.balufy.com\/es\/shop\/\"},{\"@type\":\"ListItem\",\"position\":3,\"name\":\"SEA DOO GTX \u2013 1 \/ 2\"}]},{\"@type\":\"WebSite\",\"@id\":\"https:\/\/pruebas.balufy.com\/es\/#website\",\"url\":\"https:\/\/pruebas.balufy.com\/es\/\",\"name\":\"Balufy\",\"description\":\"Balufy\",\"publisher\":{\"@id\":\"https:\/\/pruebas.balufy.com\/es\/#organization\"},\"potentialAction\":[{\"@type\":\"SearchAction\",\"target\":{\"@type\":\"EntryPoint\",\"urlTemplate\":\"https:\/\/pruebas.balufy.com\/es\/?s={search_term_string}\"},\"query-input\":{\"@type\":\"PropertyValueSpecification\",\"valueRequired\":true,\"valueName\":\"search_term_string\"}}],\"inLanguage\":\"es\"},{\"@type\":\"Organization\",\"@id\":\"https:\/\/pruebas.balufy.com\/es\/#organization\",\"name\":\"Balufy\",\"url\":\"https:\/\/pruebas.balufy.com\/es\/\",\"logo\":{\"@type\":\"ImageObject\",\"inLanguage\":\"es\",\"@id\":\"https:\/\/pruebas.balufy.com\/es\/#\/schema\/logo\/image\/\",\"url\":\"https:\/\/balufy.com\/wp-content\/uploads\/2022\/06\/LOGO_PNG.png\",\"contentUrl\":\"https:\/\/balufy.com\/wp-content\/uploads\/2022\/06\/LOGO_PNG.png\",\"width\":1366,\"height\":768,\"caption\":\"Balufy\"},\"image\":{\"@id\":\"https:\/\/pruebas.balufy.com\/es\/#\/schema\/logo\/image\/\"},\"sameAs\":[\"https:\/\/www.facebook.com\/Balufy-102705001596047\",\"https:\/\/www.instagram.com\/balufy_oficial\/\"]}]}<\/script>\n<!-- \/ Yoast SEO plugin. -->","yoast_head_json":{"title":"SEA DOO GTX \u2013 1 \/ 2 - Balufy","robots":{"index":"noindex","follow":"follow","max-snippet":"max-snippet:-1","max-image-preview":"max-image-preview:large","max-video-preview":"max-video-preview:-1"},"og_locale":"es_ES","og_type":"article","og_title":"SEA DOO GTX \u2013 1 \/ 2 - Balufy","og_description":"SEA DOO GTX \u2013 1 \/ 2 DESCUBRE MALLORCA\u2026 \u00danete a nuestras excursiones guiadas y descubre las calas m\u00e1s impresionantes de aguas cristalinas desde\u00a0Cala D\u2019or\u00a0hasta el\u00a0Cal\u00f2 des Moro. Podr\u00e1s hacerlo acompa\u00f1ado, pero siempre con la\u00a0m\u00e1xima seguridad\u00a0y bajo la supervisi\u00f3n y profesionalidad de nuestros monitores titulados. \u00bfTe atreves a pilotar un Jet Ski\u00a0? Siente la adrenalina [&hellip;]","og_url":"https:\/\/pruebas.balufy.com\/es\/product\/sea-doo-gtx-1-2\/","og_site_name":"Balufy","article_publisher":"https:\/\/www.facebook.com\/Balufy-102705001596047","article_modified_time":"2025-04-07T04:04:55+00:00","twitter_card":"summary_large_image","twitter_misc":{"Tiempo de lectura":"1 minuto"},"schema":{"@context":"https:\/\/schema.org","@graph":[{"@type":"WebPage","@id":"https:\/\/pruebas.balufy.com\/de\/produkt-2\/sea-doo-gtx-1-2\/","url":"https:\/\/pruebas.balufy.com\/de\/produkt-2\/sea-doo-gtx-1-2\/","name":"SEA DOO GTX \u2013 1 \/ 2 - Balufy","isPartOf":{"@id":"https:\/\/pruebas.balufy.com\/es\/#website"},"datePublished":"2024-05-20T22:19:50+00:00","dateModified":"2025-04-07T04:04:55+00:00","breadcrumb":{"@id":"https:\/\/pruebas.balufy.com\/de\/produkt-2\/sea-doo-gtx-1-2\/#breadcrumb"},"inLanguage":"es","potentialAction":[{"@type":"ReadAction","target":["https:\/\/pruebas.balufy.com\/de\/produkt-2\/sea-doo-gtx-1-2\/"]}]},{"@type":"BreadcrumbList","@id":"https:\/\/pruebas.balufy.com\/de\/produkt-2\/sea-doo-gtx-1-2\/#breadcrumb","itemListElement":[{"@type":"ListItem","position":1,"name":"Portada","item":"https:\/\/pruebas.balufy.com\/es\/"},{"@type":"ListItem","position":2,"name":"Shop","item":"https:\/\/pruebas.balufy.com\/es\/shop\/"},{"@type":"ListItem","position":3,"name":"SEA DOO GTX \u2013 1 \/ 2"}]},{"@type":"WebSite","@id":"https:\/\/pruebas.balufy.com\/es\/#website","url":"https:\/\/pruebas.balufy.com\/es\/","name":"Balufy","description":"Balufy","publisher":{"@id":"https:\/\/pruebas.balufy.com\/es\/#organization"},"potentialAction":[{"@type":"SearchAction","target":{"@type":"EntryPoint","urlTemplate":"https:\/\/pruebas.balufy.com\/es\/?s={search_term_string}"},"query-input":{"@type":"PropertyValueSpecification","valueRequired":true,"valueName":"search_term_string"}}],"inLanguage":"es"},{"@type":"Organization","@id":"https:\/\/pruebas.balufy.com\/es\/#organization","name":"Balufy","url":"https:\/\/pruebas.balufy.com\/es\/","logo":{"@type":"ImageObject","inLanguage":"es","@id":"https:\/\/pruebas.balufy.com\/es\/#\/schema\/logo\/image\/","url":"https:\/\/balufy.com\/wp-content\/uploads\/2022\/06\/LOGO_PNG.png","contentUrl":"https:\/\/balufy.com\/wp-content\/uploads\/2022\/06\/LOGO_PNG.png","width":1366,"height":768,"caption":"Balufy"},"image":{"@id":"https:\/\/pruebas.balufy.com\/es\/#\/schema\/logo\/image\/"},"sameAs":["https:\/\/www.facebook.com\/Balufy-102705001596047","https:\/\/www.instagram.com\/balufy_oficial\/"]}]}},"_links":{"self":[{"href":"https:\/\/pruebas.balufy.com\/es\/wp-json\/wp\/v2\/product\/3475","targetHints":{"allow":["GET"]}}],"collection":[{"href":"https:\/\/pruebas.balufy.com\/es\/wp-json\/wp\/v2\/product"}],"about":[{"href":"https:\/\/pruebas.balufy.com\/es\/wp-json\/wp\/v2\/types\/product"}],"wp:attachment":[{"href":"https:\/\/pruebas.balufy.com\/es\/wp-json\/wp\/v2\/media?parent=3475"}],"wp:term":[{"taxonomy":"product_brand","embeddable":true,"href":"https:\/\/pruebas.balufy.com\/es\/wp-json\/wp\/v2\/product_brand?post=3475"},{"taxonomy":"product_cat","embeddable":true,"href":"https:\/\/pruebas.balufy.com\/es\/wp-json\/wp\/v2\/product_cat?post=3475"},{"taxonomy":"product_tag","embeddable":true,"href":"https:\/\/pruebas.balufy.com\/es\/wp-json\/wp\/v2\/product_tag?post=3475"}],"curies":[{"name":"wp","href":"https:\/\/api.w.org\/{rel}","templated":true}]}}