{"id":1683,"date":"2021-08-30T23:24:56","date_gmt":"2021-08-30T21:24:56","guid":{"rendered":"https:\/\/alquileres.pulsoweb.es\/product\/fabulosa-villa-en-son-gual-con-piscina-pista-de-tenis-gym-bbq-columpios\/"},"modified":"2025-04-11T19:34:09","modified_gmt":"2025-04-11T17:34:09","slug":"fabulosa-villa-en-son-gual-con-piscina-pista-de-tenis-gym-bbq-columpios","status":"publish","type":"product","link":"https:\/\/pruebas.balufy.com\/es\/product\/fabulosa-villa-en-son-gual-con-piscina-pista-de-tenis-gym-bbq-columpios\/","title":{"rendered":"PRUEBAS PRUEBAS -Fabulosa villa en Son Gual con piscina"},"content":{"rendered":"<p>Villa en Son Gual, maravillosas vistas a la bah\u00eda de Palma y mar, ideal para unas vacaciones c\u00f3modas de relax con la familia y amigos. A un paseo de 700 metros al campo de golf &#8216;Son Gual&#8217;. Pista de tenis, Internet WIFI. Cuenta con una piscina privada de 8 metros de largo x 4 metros de ancho y una barbacoa. Peque\u00f1a piscina para ni\u00f1os con una profundidad de 60 cms. Columpios. Terraza cubierta con vistas a la piscina a la bah\u00eda de Palma. Mesa de ping-pong. Villa Nueva de 450 m\u00b2 construidos. Decorada con gran estilo en un terreno privado de 8.000 metros y 1.000 m de jard\u00edn en una bonita zona tranquila de Mallorca. Todos los dormitorios tienen ba\u00f1o en suite. Tiene un gran comedor y 2 salones, uno en la primera planta principal y otro en la planta superior, estos con c\u00f3modos sof\u00e1s. Tiene un gran televisor de pantalla plana, televisi\u00f3n v\u00eda sat\u00e9lite y DVD. Adem\u00e1s de 60 m\u00b2. de terraza cubierta y un bonito patio de piedra de 200 m\u00b2. Aire acondicionado y calefacci\u00f3n en todos los dormitorios y salones.<\/p>\n<p>Golf Son Gual a 700 metros por un camino privado.<br \/>\nN\u00famero de registro: VT\/1578<\/p>\n<p>&nbsp;<\/p>\n<p>Una vez que haya finalizado su reserva de alojamiento, puede reservar una amplia gama de servicios premium personalizados para mejorar su estad\u00eda, como:<\/p>\n<p>Transporte aeropuerto<\/p>\n<p>Staff in-house<\/p>\n<p>Entrega de viveres a domicilio<\/p>\n<p>Chef in-house y catering<\/p>\n<p>Helic\u00f3ptero, jets, yates privados<\/p>\n<p>Tour privado guiado<\/p>\n<p>Entrenadores personales<\/p>\n<p>Terapeutas de belleza y bienestar<\/p>\n","protected":false},"excerpt":{"rendered":"<p>Villa en Son Gual, maravillosas vistas a la bah\u00eda de Palma y mar, ideal para unas vacaciones c\u00f3modas de relax con la familia y amigos. A un paseo de 700 metros al campo de golf &#8216;Son Gual&#8217;. Pista de tenis, Internet WIFI. Cuenta con una piscina privada de 8 metros de largo x 4 metros [&hellip;]<\/p>\n","protected":false},"featured_media":0,"template":"","meta":[],"product_brand":[],"product_cat":[20],"product_tag":[],"class_list":{"0":"post-1683","1":"product","2":"type-product","3":"status-publish","5":"product_cat-listeo-booking","7":"first","8":"instock","9":"virtual","10":"sold-individually","11":"purchasable","12":"product-type-listing_booking"},"yoast_head":"<!-- This site is optimized with the Yoast SEO plugin v26.5 - https:\/\/yoast.com\/wordpress\/plugins\/seo\/ -->\n<title>PRUEBAS PRUEBAS -Fabulosa villa en Son Gual con piscina - Balufy<\/title>\n<meta name=\"robots\" content=\"noindex, follow, max-snippet:-1, max-image-preview:large, max-video-preview:-1\" \/>\n<meta property=\"og:locale\" content=\"es_ES\" \/>\n<meta property=\"og:type\" content=\"article\" \/>\n<meta property=\"og:title\" content=\"PRUEBAS PRUEBAS -Fabulosa villa en Son Gual con piscina - Balufy\" \/>\n<meta property=\"og:description\" content=\"Villa en Son Gual, maravillosas vistas a la bah\u00eda de Palma y mar, ideal para unas vacaciones c\u00f3modas de relax con la familia y amigos. A un paseo de 700 metros al campo de golf &#8216;Son Gual&#8217;. Pista de tenis, Internet WIFI. Cuenta con una piscina privada de 8 metros de largo x 4 metros [&hellip;]\" \/>\n<meta property=\"og:url\" content=\"https:\/\/pruebas.balufy.com\/es\/product\/fabulosa-villa-en-son-gual-con-piscina-pista-de-tenis-gym-bbq-columpios\/\" \/>\n<meta property=\"og:site_name\" content=\"Balufy\" \/>\n<meta property=\"article:publisher\" content=\"https:\/\/www.facebook.com\/Balufy-102705001596047\" \/>\n<meta property=\"article:modified_time\" content=\"2025-04-11T17:34:09+00:00\" \/>\n<meta name=\"twitter:card\" content=\"summary_large_image\" \/>\n<meta name=\"twitter:label1\" content=\"Tiempo de lectura\" \/>\n\t<meta name=\"twitter:data1\" content=\"1 minuto\" \/>\n<script type=\"application\/ld+json\" class=\"yoast-schema-graph\">{\"@context\":\"https:\/\/schema.org\",\"@graph\":[{\"@type\":\"WebPage\",\"@id\":\"https:\/\/pruebas.balufy.com\/es\/product\/fabulosa-villa-en-son-gual-con-piscina-pista-de-tenis-gym-bbq-columpios\/\",\"url\":\"https:\/\/pruebas.balufy.com\/es\/product\/fabulosa-villa-en-son-gual-con-piscina-pista-de-tenis-gym-bbq-columpios\/\",\"name\":\"PRUEBAS PRUEBAS -Fabulosa villa en Son Gual con piscina - Balufy\",\"isPartOf\":{\"@id\":\"https:\/\/pruebas.balufy.com\/es\/#website\"},\"datePublished\":\"2021-08-30T21:24:56+00:00\",\"dateModified\":\"2025-04-11T17:34:09+00:00\",\"breadcrumb\":{\"@id\":\"https:\/\/pruebas.balufy.com\/es\/product\/fabulosa-villa-en-son-gual-con-piscina-pista-de-tenis-gym-bbq-columpios\/#breadcrumb\"},\"inLanguage\":\"es\",\"potentialAction\":[{\"@type\":\"ReadAction\",\"target\":[\"https:\/\/pruebas.balufy.com\/es\/product\/fabulosa-villa-en-son-gual-con-piscina-pista-de-tenis-gym-bbq-columpios\/\"]}]},{\"@type\":\"BreadcrumbList\",\"@id\":\"https:\/\/pruebas.balufy.com\/es\/product\/fabulosa-villa-en-son-gual-con-piscina-pista-de-tenis-gym-bbq-columpios\/#breadcrumb\",\"itemListElement\":[{\"@type\":\"ListItem\",\"position\":1,\"name\":\"Portada\",\"item\":\"https:\/\/pruebas.balufy.com\/es\/\"},{\"@type\":\"ListItem\",\"position\":2,\"name\":\"Shop\",\"item\":\"https:\/\/pruebas.balufy.com\/es\/shop\/\"},{\"@type\":\"ListItem\",\"position\":3,\"name\":\"PRUEBAS PRUEBAS -Fabulosa villa en Son Gual con piscina\"}]},{\"@type\":\"WebSite\",\"@id\":\"https:\/\/pruebas.balufy.com\/es\/#website\",\"url\":\"https:\/\/pruebas.balufy.com\/es\/\",\"name\":\"Balufy\",\"description\":\"Balufy\",\"publisher\":{\"@id\":\"https:\/\/pruebas.balufy.com\/es\/#organization\"},\"potentialAction\":[{\"@type\":\"SearchAction\",\"target\":{\"@type\":\"EntryPoint\",\"urlTemplate\":\"https:\/\/pruebas.balufy.com\/es\/?s={search_term_string}\"},\"query-input\":{\"@type\":\"PropertyValueSpecification\",\"valueRequired\":true,\"valueName\":\"search_term_string\"}}],\"inLanguage\":\"es\"},{\"@type\":\"Organization\",\"@id\":\"https:\/\/pruebas.balufy.com\/es\/#organization\",\"name\":\"Balufy\",\"url\":\"https:\/\/pruebas.balufy.com\/es\/\",\"logo\":{\"@type\":\"ImageObject\",\"inLanguage\":\"es\",\"@id\":\"https:\/\/pruebas.balufy.com\/es\/#\/schema\/logo\/image\/\",\"url\":\"https:\/\/balufy.com\/wp-content\/uploads\/2022\/06\/LOGO_PNG.png\",\"contentUrl\":\"https:\/\/balufy.com\/wp-content\/uploads\/2022\/06\/LOGO_PNG.png\",\"width\":1366,\"height\":768,\"caption\":\"Balufy\"},\"image\":{\"@id\":\"https:\/\/pruebas.balufy.com\/es\/#\/schema\/logo\/image\/\"},\"sameAs\":[\"https:\/\/www.facebook.com\/Balufy-102705001596047\",\"https:\/\/www.instagram.com\/balufy_oficial\/\"]}]}<\/script>\n<!-- \/ Yoast SEO plugin. -->","yoast_head_json":{"title":"PRUEBAS PRUEBAS -Fabulosa villa en Son Gual con piscina - Balufy","robots":{"index":"noindex","follow":"follow","max-snippet":"max-snippet:-1","max-image-preview":"max-image-preview:large","max-video-preview":"max-video-preview:-1"},"og_locale":"es_ES","og_type":"article","og_title":"PRUEBAS PRUEBAS -Fabulosa villa en Son Gual con piscina - Balufy","og_description":"Villa en Son Gual, maravillosas vistas a la bah\u00eda de Palma y mar, ideal para unas vacaciones c\u00f3modas de relax con la familia y amigos. A un paseo de 700 metros al campo de golf &#8216;Son Gual&#8217;. Pista de tenis, Internet WIFI. Cuenta con una piscina privada de 8 metros de largo x 4 metros [&hellip;]","og_url":"https:\/\/pruebas.balufy.com\/es\/product\/fabulosa-villa-en-son-gual-con-piscina-pista-de-tenis-gym-bbq-columpios\/","og_site_name":"Balufy","article_publisher":"https:\/\/www.facebook.com\/Balufy-102705001596047","article_modified_time":"2025-04-11T17:34:09+00:00","twitter_card":"summary_large_image","twitter_misc":{"Tiempo de lectura":"1 minuto"},"schema":{"@context":"https:\/\/schema.org","@graph":[{"@type":"WebPage","@id":"https:\/\/pruebas.balufy.com\/es\/product\/fabulosa-villa-en-son-gual-con-piscina-pista-de-tenis-gym-bbq-columpios\/","url":"https:\/\/pruebas.balufy.com\/es\/product\/fabulosa-villa-en-son-gual-con-piscina-pista-de-tenis-gym-bbq-columpios\/","name":"PRUEBAS PRUEBAS -Fabulosa villa en Son Gual con piscina - Balufy","isPartOf":{"@id":"https:\/\/pruebas.balufy.com\/es\/#website"},"datePublished":"2021-08-30T21:24:56+00:00","dateModified":"2025-04-11T17:34:09+00:00","breadcrumb":{"@id":"https:\/\/pruebas.balufy.com\/es\/product\/fabulosa-villa-en-son-gual-con-piscina-pista-de-tenis-gym-bbq-columpios\/#breadcrumb"},"inLanguage":"es","potentialAction":[{"@type":"ReadAction","target":["https:\/\/pruebas.balufy.com\/es\/product\/fabulosa-villa-en-son-gual-con-piscina-pista-de-tenis-gym-bbq-columpios\/"]}]},{"@type":"BreadcrumbList","@id":"https:\/\/pruebas.balufy.com\/es\/product\/fabulosa-villa-en-son-gual-con-piscina-pista-de-tenis-gym-bbq-columpios\/#breadcrumb","itemListElement":[{"@type":"ListItem","position":1,"name":"Portada","item":"https:\/\/pruebas.balufy.com\/es\/"},{"@type":"ListItem","position":2,"name":"Shop","item":"https:\/\/pruebas.balufy.com\/es\/shop\/"},{"@type":"ListItem","position":3,"name":"PRUEBAS PRUEBAS -Fabulosa villa en Son Gual con piscina"}]},{"@type":"WebSite","@id":"https:\/\/pruebas.balufy.com\/es\/#website","url":"https:\/\/pruebas.balufy.com\/es\/","name":"Balufy","description":"Balufy","publisher":{"@id":"https:\/\/pruebas.balufy.com\/es\/#organization"},"potentialAction":[{"@type":"SearchAction","target":{"@type":"EntryPoint","urlTemplate":"https:\/\/pruebas.balufy.com\/es\/?s={search_term_string}"},"query-input":{"@type":"PropertyValueSpecification","valueRequired":true,"valueName":"search_term_string"}}],"inLanguage":"es"},{"@type":"Organization","@id":"https:\/\/pruebas.balufy.com\/es\/#organization","name":"Balufy","url":"https:\/\/pruebas.balufy.com\/es\/","logo":{"@type":"ImageObject","inLanguage":"es","@id":"https:\/\/pruebas.balufy.com\/es\/#\/schema\/logo\/image\/","url":"https:\/\/balufy.com\/wp-content\/uploads\/2022\/06\/LOGO_PNG.png","contentUrl":"https:\/\/balufy.com\/wp-content\/uploads\/2022\/06\/LOGO_PNG.png","width":1366,"height":768,"caption":"Balufy"},"image":{"@id":"https:\/\/pruebas.balufy.com\/es\/#\/schema\/logo\/image\/"},"sameAs":["https:\/\/www.facebook.com\/Balufy-102705001596047","https:\/\/www.instagram.com\/balufy_oficial\/"]}]}},"_links":{"self":[{"href":"https:\/\/pruebas.balufy.com\/es\/wp-json\/wp\/v2\/product\/1683","targetHints":{"allow":["GET"]}}],"collection":[{"href":"https:\/\/pruebas.balufy.com\/es\/wp-json\/wp\/v2\/product"}],"about":[{"href":"https:\/\/pruebas.balufy.com\/es\/wp-json\/wp\/v2\/types\/product"}],"wp:attachment":[{"href":"https:\/\/pruebas.balufy.com\/es\/wp-json\/wp\/v2\/media?parent=1683"}],"wp:term":[{"taxonomy":"product_brand","embeddable":true,"href":"https:\/\/pruebas.balufy.com\/es\/wp-json\/wp\/v2\/product_brand?post=1683"},{"taxonomy":"product_cat","embeddable":true,"href":"https:\/\/pruebas.balufy.com\/es\/wp-json\/wp\/v2\/product_cat?post=1683"},{"taxonomy":"product_tag","embeddable":true,"href":"https:\/\/pruebas.balufy.com\/es\/wp-json\/wp\/v2\/product_tag?post=1683"}],"curies":[{"name":"wp","href":"https:\/\/api.w.org\/{rel}","templated":true}]}}