{"id":533,"date":"2021-08-04T13:40:19","date_gmt":"2021-08-04T13:40:19","guid":{"rendered":"https:\/\/alquileres.pulsoweb.es\/?post_type=product&#038;p=533"},"modified":"2021-08-08T14:47:56","modified_gmt":"2021-08-08T12:47:56","slug":"identiti-mangement","status":"publish","type":"product","link":"https:\/\/pruebas.balufy.com\/de\/produkt-2\/identiti-mangement\/","title":{"rendered":"Gesti\u00f3n Resdes Sociales, Web y Blog"},"content":{"rendered":"","protected":false},"excerpt":{"rendered":"<ol>\n<li>Gesti\u00f3n y creaci\u00f3n de contenido mensual para RRSS:<\/li>\n<\/ol>\n<ul>\n<li>Creaci\u00f3n de contenido: fotograf\u00eda, video, edici\u00f3n y dise\u00f1o gr\u00e1fico (Incluye 2 shootings al mes)<\/li>\n<li>Entre 7-14 post semanales (Formato: foto, video, reels, igtv) + stories x red social (Instagram, Facebook, Twitter, Linkedln, TikTok&#8230;)<\/li>\n<li>Interacci\u00f3n y atenci\u00f3n al cliente<\/li>\n<li>Copywriting<\/li>\n<li>Renovaci\u00f3n y\/o mejora de imagen corporativa<\/li>\n<li>Cobertura, gesti\u00f3n y organizaci\u00f3n e eventos<\/li>\n<li>Influencer marketing<\/li>\n<li>Estudio previo y planificaci\u00f3n de estrategia de marketing y publicidad<\/li>\n<li>Gesti\u00f3n de publicidad externa (google das, Facebook ads, Instagram das&#8230;)<\/li>\n<li>Gesti\u00f3n de blog \/ Pagina web \/ Gesti\u00f3n e-commerce<\/li>\n<li>\u00a0Campa\u00f1as con equipos publicistas<\/li>\n<li>Presencia en medios de comunicaci\u00f3n (TV, revistas, peri\u00f3dicos&#8230;)<\/li>\n<li>Report y an\u00e1lisis de resultados<\/li>\n<\/ul>","protected":false},"featured_media":0,"template":"","meta":[],"product_brand":[],"product_cat":[85],"product_tag":[],"class_list":{"0":"post-533","1":"product","2":"type-product","3":"status-publish","5":"product_cat-identiti-magement","7":"first","8":"instock","9":"virtual","10":"purchasable","11":"product-type-simple"},"yoast_head":"<!-- This site is optimized with the Yoast SEO plugin v26.5 - https:\/\/yoast.com\/wordpress\/plugins\/seo\/ -->\n<title>Gesti\u00f3n Resdes Sociales, Web y Blog - Balufy<\/title>\n<meta name=\"robots\" content=\"noindex, follow, max-snippet:-1, max-image-preview:large, max-video-preview:-1\" \/>\n<meta property=\"og:locale\" content=\"de_DE\" \/>\n<meta property=\"og:type\" content=\"article\" \/>\n<meta property=\"og:title\" content=\"Gesti\u00f3n Resdes Sociales, Web y Blog - Balufy\" \/>\n<meta property=\"og:description\" content=\"Gesti\u00f3n y creaci\u00f3n de contenido mensual para RRSS:    Creaci\u00f3n de contenido: fotograf\u00eda, video, edici\u00f3n y dise\u00f1o gr\u00e1fico (Incluye 2 shootings al mes)  Entre 7-14 post semanales (Formato: foto, video, reels, igtv) + stories x red social (Instagram, Facebook, Twitter, Linkedln, TikTok...)  Interacci\u00f3n y atenci\u00f3n al cliente  Copywriting  Renovaci\u00f3n y\/o mejora de imagen corporativa  Cobertura, gesti\u00f3n y organizaci\u00f3n e eventos  Influencer marketing  Estudio previo y planificaci\u00f3n de estrategia de marketing y publicidad  Gesti\u00f3n de publicidad externa (google das, Facebook ads, Instagram das...)  Gesti\u00f3n de blog \/ Pagina web \/ Gesti\u00f3n e-commerce  \u00a0Campa\u00f1as con equipos publicistas  Presencia en medios de comunicaci\u00f3n (TV, revistas, peri\u00f3dicos...)  Report y an\u00e1lisis de resultados\" \/>\n<meta property=\"og:url\" content=\"https:\/\/pruebas.balufy.com\/de\/produkt-2\/identiti-mangement\/\" \/>\n<meta property=\"og:site_name\" content=\"Balufy\" \/>\n<meta property=\"article:publisher\" content=\"https:\/\/www.facebook.com\/Balufy-102705001596047\" \/>\n<meta property=\"article:modified_time\" content=\"2021-08-08T12:47:56+00:00\" \/>\n<meta name=\"twitter:card\" content=\"summary_large_image\" \/>\n<script type=\"application\/ld+json\" class=\"yoast-schema-graph\">{\"@context\":\"https:\/\/schema.org\",\"@graph\":[{\"@type\":\"WebPage\",\"@id\":\"https:\/\/pruebas.balufy.com\/es\/product\/identiti-mangement\/\",\"url\":\"https:\/\/pruebas.balufy.com\/es\/product\/identiti-mangement\/\",\"name\":\"Gesti\u00f3n Resdes Sociales, Web y Blog - Balufy\",\"isPartOf\":{\"@id\":\"https:\/\/pruebas.balufy.com\/es\/#website\"},\"datePublished\":\"2021-08-04T13:40:19+00:00\",\"dateModified\":\"2021-08-08T12:47:56+00:00\",\"breadcrumb\":{\"@id\":\"https:\/\/pruebas.balufy.com\/es\/product\/identiti-mangement\/#breadcrumb\"},\"inLanguage\":\"de\",\"potentialAction\":[{\"@type\":\"ReadAction\",\"target\":[\"https:\/\/pruebas.balufy.com\/es\/product\/identiti-mangement\/\"]}]},{\"@type\":\"BreadcrumbList\",\"@id\":\"https:\/\/pruebas.balufy.com\/es\/product\/identiti-mangement\/#breadcrumb\",\"itemListElement\":[{\"@type\":\"ListItem\",\"position\":1,\"name\":\"Portada\",\"item\":\"https:\/\/pruebas.balufy.com\/es\/\"},{\"@type\":\"ListItem\",\"position\":2,\"name\":\"Shop\",\"item\":\"https:\/\/pruebas.balufy.com\/es\/shop\/\"},{\"@type\":\"ListItem\",\"position\":3,\"name\":\"Gesti\u00f3n Resdes Sociales, Web y Blog\"}]},{\"@type\":\"WebSite\",\"@id\":\"https:\/\/pruebas.balufy.com\/es\/#website\",\"url\":\"https:\/\/pruebas.balufy.com\/es\/\",\"name\":\"Balufy\",\"description\":\"Balufy\",\"publisher\":{\"@id\":\"https:\/\/pruebas.balufy.com\/es\/#organization\"},\"potentialAction\":[{\"@type\":\"SearchAction\",\"target\":{\"@type\":\"EntryPoint\",\"urlTemplate\":\"https:\/\/pruebas.balufy.com\/es\/?s={search_term_string}\"},\"query-input\":{\"@type\":\"PropertyValueSpecification\",\"valueRequired\":true,\"valueName\":\"search_term_string\"}}],\"inLanguage\":\"de\"},{\"@type\":\"Organization\",\"@id\":\"https:\/\/pruebas.balufy.com\/es\/#organization\",\"name\":\"Balufy\",\"url\":\"https:\/\/pruebas.balufy.com\/es\/\",\"logo\":{\"@type\":\"ImageObject\",\"inLanguage\":\"de\",\"@id\":\"https:\/\/pruebas.balufy.com\/es\/#\/schema\/logo\/image\/\",\"url\":\"https:\/\/balufy.com\/wp-content\/uploads\/2022\/06\/LOGO_PNG.png\",\"contentUrl\":\"https:\/\/balufy.com\/wp-content\/uploads\/2022\/06\/LOGO_PNG.png\",\"width\":1366,\"height\":768,\"caption\":\"Balufy\"},\"image\":{\"@id\":\"https:\/\/pruebas.balufy.com\/es\/#\/schema\/logo\/image\/\"},\"sameAs\":[\"https:\/\/www.facebook.com\/Balufy-102705001596047\",\"https:\/\/www.instagram.com\/balufy_oficial\/\"]}]}<\/script>\n<!-- \/ Yoast SEO plugin. -->","yoast_head_json":{"title":"Gesti\u00f3n Resdes Sociales, Web y Blog - Balufy","robots":{"index":"noindex","follow":"follow","max-snippet":"max-snippet:-1","max-image-preview":"max-image-preview:large","max-video-preview":"max-video-preview:-1"},"og_locale":"de_DE","og_type":"article","og_title":"Gesti\u00f3n Resdes Sociales, Web y Blog - Balufy","og_description":"Gesti\u00f3n y creaci\u00f3n de contenido mensual para RRSS:    Creaci\u00f3n de contenido: fotograf\u00eda, video, edici\u00f3n y dise\u00f1o gr\u00e1fico (Incluye 2 shootings al mes)  Entre 7-14 post semanales (Formato: foto, video, reels, igtv) + stories x red social (Instagram, Facebook, Twitter, Linkedln, TikTok...)  Interacci\u00f3n y atenci\u00f3n al cliente  Copywriting  Renovaci\u00f3n y\/o mejora de imagen corporativa  Cobertura, gesti\u00f3n y organizaci\u00f3n e eventos  Influencer marketing  Estudio previo y planificaci\u00f3n de estrategia de marketing y publicidad  Gesti\u00f3n de publicidad externa (google das, Facebook ads, Instagram das...)  Gesti\u00f3n de blog \/ Pagina web \/ Gesti\u00f3n e-commerce  \u00a0Campa\u00f1as con equipos publicistas  Presencia en medios de comunicaci\u00f3n (TV, revistas, peri\u00f3dicos...)  Report y an\u00e1lisis de resultados","og_url":"https:\/\/pruebas.balufy.com\/de\/produkt-2\/identiti-mangement\/","og_site_name":"Balufy","article_publisher":"https:\/\/www.facebook.com\/Balufy-102705001596047","article_modified_time":"2021-08-08T12:47:56+00:00","twitter_card":"summary_large_image","schema":{"@context":"https:\/\/schema.org","@graph":[{"@type":"WebPage","@id":"https:\/\/pruebas.balufy.com\/es\/product\/identiti-mangement\/","url":"https:\/\/pruebas.balufy.com\/es\/product\/identiti-mangement\/","name":"Gesti\u00f3n Resdes Sociales, Web y Blog - Balufy","isPartOf":{"@id":"https:\/\/pruebas.balufy.com\/es\/#website"},"datePublished":"2021-08-04T13:40:19+00:00","dateModified":"2021-08-08T12:47:56+00:00","breadcrumb":{"@id":"https:\/\/pruebas.balufy.com\/es\/product\/identiti-mangement\/#breadcrumb"},"inLanguage":"de","potentialAction":[{"@type":"ReadAction","target":["https:\/\/pruebas.balufy.com\/es\/product\/identiti-mangement\/"]}]},{"@type":"BreadcrumbList","@id":"https:\/\/pruebas.balufy.com\/es\/product\/identiti-mangement\/#breadcrumb","itemListElement":[{"@type":"ListItem","position":1,"name":"Portada","item":"https:\/\/pruebas.balufy.com\/es\/"},{"@type":"ListItem","position":2,"name":"Shop","item":"https:\/\/pruebas.balufy.com\/es\/shop\/"},{"@type":"ListItem","position":3,"name":"Gesti\u00f3n Resdes Sociales, Web y Blog"}]},{"@type":"WebSite","@id":"https:\/\/pruebas.balufy.com\/es\/#website","url":"https:\/\/pruebas.balufy.com\/es\/","name":"Balufy","description":"Balufy","publisher":{"@id":"https:\/\/pruebas.balufy.com\/es\/#organization"},"potentialAction":[{"@type":"SearchAction","target":{"@type":"EntryPoint","urlTemplate":"https:\/\/pruebas.balufy.com\/es\/?s={search_term_string}"},"query-input":{"@type":"PropertyValueSpecification","valueRequired":true,"valueName":"search_term_string"}}],"inLanguage":"de"},{"@type":"Organization","@id":"https:\/\/pruebas.balufy.com\/es\/#organization","name":"Balufy","url":"https:\/\/pruebas.balufy.com\/es\/","logo":{"@type":"ImageObject","inLanguage":"de","@id":"https:\/\/pruebas.balufy.com\/es\/#\/schema\/logo\/image\/","url":"https:\/\/balufy.com\/wp-content\/uploads\/2022\/06\/LOGO_PNG.png","contentUrl":"https:\/\/balufy.com\/wp-content\/uploads\/2022\/06\/LOGO_PNG.png","width":1366,"height":768,"caption":"Balufy"},"image":{"@id":"https:\/\/pruebas.balufy.com\/es\/#\/schema\/logo\/image\/"},"sameAs":["https:\/\/www.facebook.com\/Balufy-102705001596047","https:\/\/www.instagram.com\/balufy_oficial\/"]}]}},"_links":{"self":[{"href":"https:\/\/pruebas.balufy.com\/de\/wp-json\/wp\/v2\/product\/533","targetHints":{"allow":["GET"]}}],"collection":[{"href":"https:\/\/pruebas.balufy.com\/de\/wp-json\/wp\/v2\/product"}],"about":[{"href":"https:\/\/pruebas.balufy.com\/de\/wp-json\/wp\/v2\/types\/product"}],"wp:attachment":[{"href":"https:\/\/pruebas.balufy.com\/de\/wp-json\/wp\/v2\/media?parent=533"}],"wp:term":[{"taxonomy":"product_brand","embeddable":true,"href":"https:\/\/pruebas.balufy.com\/de\/wp-json\/wp\/v2\/product_brand?post=533"},{"taxonomy":"product_cat","embeddable":true,"href":"https:\/\/pruebas.balufy.com\/de\/wp-json\/wp\/v2\/product_cat?post=533"},{"taxonomy":"product_tag","embeddable":true,"href":"https:\/\/pruebas.balufy.com\/de\/wp-json\/wp\/v2\/product_tag?post=533"}],"curies":[{"name":"wp","href":"https:\/\/api.w.org\/{rel}","templated":true}]}}