{"id":4020,"date":"2024-07-23T21:26:41","date_gmt":"2024-07-23T19:26:41","guid":{"rendered":"https:\/\/balufy.com\/?page_id=4020"},"modified":"2025-05-19T18:25:00","modified_gmt":"2025-05-19T16:25:00","slug":"rechtshinweis","status":"publish","type":"page","link":"https:\/\/pruebas.balufy.com\/de\/rechtshinweis\/","title":{"rendered":"Rechtlicher Hinweis"},"content":{"rendered":"<div class=\"wpb-content-wrapper\">\n<div class=\"vc_row wpb_row vc_row-fluid dt-default\">\n<div class=\"wpb_column vc_column_container vc_col-sm-12\">\n<div class=\"vc_column-inner\">\n<div class=\"wpb_wrapper\">\n<div class=\"wpb_text_column wpb_content_element\">\n<div class=\"wpb_wrapper\">\n<h3><span style=\"color: #455b70;\">Rechtlicher Hinweis<\/span><\/h3>\n<p>REAL GW LLC, nachfolgend BALUFY genannt, beh\u00e4lt sich das Recht vor, jede Art von Informationen, die auf der Website erscheinen k\u00f6nnen, zu \u00e4ndern, ohne dass eine Verpflichtung zur vorherigen Ank\u00fcndigung oder Information der Nutzer besteht, wobei die Ver\u00f6ffentlichung auf der BALUFY-Website als ausreichend angesehen wird.<br \/>\nIn \u00dcbereinstimmung mit Artikel 10 des Gesetzes 34\/2002 vom 11. Juli \u00fcber die Dienste der Informationsgesellschaft und den elektronischen Handel sind die folgenden Angaben zur Identifizierung des Unternehmens, das Eigent\u00fcmer der Domain www.balufy.com ist:<\/p>\n<h3><span style=\"color: #455b70;\">1) Daten zur Identifizierung:<\/span><\/h3>\n<ul>\n<li style=\"list-style-type: none;\">\n<ul>\n<li>Dom\u00e4nenname: www.balufy.com<\/li>\n<li>Firmenname: REAL GW LLC<\/li>\n<li>Eingetragener Sitz: 1549 NE 123RD ST NORTH MIAMI, FL 33161<\/li>\n<li>EIN: 37-2030185<\/li>\n<li>E-Mail: info@balufy.com<\/li>\n<\/ul>\n<\/li>\n<\/ul>\n<h3><span style=\"color: #455b70;\">2. Rechte an geistigem und gewerblichem Eigentum:<\/span><\/h3>\n<p>Die Website, einschlie\u00dflich, aber nicht beschr\u00e4nkt auf ihre Programmierung, Bearbeitung, Zusammenstellung und andere f\u00fcr ihren Betrieb notwendige Elemente, Designs, Logos, Texte und\/oder Grafiken, sind Eigentum der verantwortlichen Partei oder verf\u00fcgen gegebenenfalls \u00fcber eine Lizenz oder ausdr\u00fcckliche Genehmigung der Urheber.<\/p>\n<p>Alle Inhalte der Website sind durch Vorschriften zum geistigen und gewerblichen Eigentum ordnungsgem\u00e4\u00df gesch\u00fctzt und in den entsprechenden \u00f6ffentlichen Registern eingetragen. Unabh\u00e4ngig von dem Zweck, f\u00fcr den sie bestimmt sind, bedarf die vollst\u00e4ndige oder teilweise Vervielf\u00e4ltigung, Nutzung, Verwertung, Verbreitung und Kommerzialisierung in jedem Fall der vorherigen schriftlichen Genehmigung der verantwortlichen Partei. Jede nicht genehmigte Nutzung wird als schwerwiegende Verletzung der Rechte des Urhebers am geistigen oder gewerblichen Eigentum angesehen. Die Entw\u00fcrfe, Logos, Texte und\/oder Grafiken, die nicht der verantwortlichen Partei geh\u00f6ren und die auf der Website erscheinen k\u00f6nnen, geh\u00f6ren ihren jeweiligen Eigent\u00fcmern, die selbst f\u00fcr eventuelle Streitigkeiten in Bezug auf dieselben verantwortlich sind. Die verantwortliche Partei erlaubt Dritten ausdr\u00fccklich, direkt auf die spezifischen Inhalte der Website zu verweisen und in jedem Fall auf die Hauptwebsite www.balufy.com zu verweisen.<\/p>\n<p>Der Verantwortliche erkennt die entsprechenden Rechte an geistigem und gewerblichem Eigentum zugunsten ihrer Eigent\u00fcmer an, und ihre blo\u00dfe Erw\u00e4hnung oder ihr Erscheinen auf der Website impliziert weder das Bestehen von Rechten oder Verantwortung f\u00fcr sie, noch eine Bef\u00fcrwortung, Unterst\u00fctzung oder Empfehlung durch sie.<\/p>\n<p>Wenn Sie sich zu m\u00f6glichen Verletzungen von Rechten an geistigem oder gewerblichem Eigentum oder zum Inhalt der Website \u00e4u\u00dfern m\u00f6chten, k\u00f6nnen Sie dies per E-Mail an info@balufy.com oder an die folgende Postanschrift tun: 1549 NE 123RD ST NORTH MIAMI, FL 33161, MIAMI, USA.<\/p>\n<h3>3. die Navigation, den Zugang und die Sicherheit:<\/h3>\n<p>Durch den Zugang, das Browsen und die Nutzung dieser Website akzeptieren Sie ausdr\u00fccklich und vorbehaltlos alle Bedingungen dieser Datenschutzrichtlinie, die dieselbe G\u00fcltigkeit und Wirksamkeit hat wie ein schriftlicher und unterzeichneter Vertrag. In diesem Sinne ist unter Nutzer die Person zu verstehen, die auf die Dienste und Aktivit\u00e4ten auf der Website zugreift, sie durchsucht, nutzt oder an ihnen teilnimmt, unabh\u00e4ngig davon, ob dies kostenlos oder gegen eine Geb\u00fchr geschieht.<\/p>\n<p>Der Zugang, das Surfen und die Nutzung dieser Website setzt die ausdr\u00fcckliche und uneingeschr\u00e4nkte Annahme aller rechtlichen Hinweise, Bedingungen und Nutzungsbedingungen voraus, die in dieser Datenschutzpolitik enthalten sind. BALUFY unternimmt alle Anstrengungen, um das Surfen unter den bestm\u00f6glichen Bedingungen zu gew\u00e4hrleisten und Sch\u00e4den jeglicher Art zu vermeiden, die beim Surfen entstehen k\u00f6nnen. BALUFY ist nicht daf\u00fcr verantwortlich und garantiert nicht, dass der Zugang zu dieser Website ununterbrochen oder fehlerfrei ist. BALUFY gibt auch keine Zusicherungen oder Garantien, dass der Inhalt oder die Software, auf die \u00fcber diese Website zugegriffen werden kann, fehlerfrei ist oder keine Sch\u00e4den verursacht. Unter keinen Umst\u00e4nden haftet BALUFY f\u00fcr Verluste oder Sch\u00e4den jeglicher Art, die sich aus dem Zugang zu und der Nutzung der Website ergeben, einschlie\u00dflich, aber nicht beschr\u00e4nkt auf Sch\u00e4den an Computersystemen oder Sch\u00e4den, die durch die Einschleppung von Viren verursacht werden, noch haftet sie f\u00fcr Sch\u00e4den, die den Nutzern durch die unsachgem\u00e4\u00dfe Nutzung dieser Website entstehen k\u00f6nnen. Die auf dieser Website angebotenen Dienste k\u00f6nnen nur dann korrekt genutzt werden, wenn die technischen Spezifikationen, f\u00fcr die sie konzipiert wurden, erf\u00fcllt sind.<\/p>\n<p>Minderj\u00e4hrigen unter 14 Jahren ist der Zugriff auf diese Website untersagt, es sei denn, sie verf\u00fcgen \u00fcber die vorherige und ausdr\u00fcckliche Genehmigung ihrer Eltern, Erziehungsberechtigten oder gesetzlichen Vertreter, die gem\u00e4\u00df den geltenden Rechtsvorschriften f\u00fcr die Handlungen der ihnen anvertrauten Minderj\u00e4hrigen verantwortlich sind. In jedem Fall wird davon ausgegangen, dass der Zugriff eines Minderj\u00e4hrigen auf die Website mit vorheriger und ausdr\u00fccklicher Genehmigung seiner Eltern, seines Vormunds oder seines gesetzlichen Vertreters erfolgt ist.<\/p>\n<h3><span style=\"color: #455b70;\">4. Befreiung der verantwortlichen Person von der Haftung:<\/span><\/h3>\n<p>Sie lehnt jede Haftung f\u00fcr die auf ihrer Website ver\u00f6ffentlichten Informationen ab, sofern diese Informationen von einem externen Dritten manipuliert oder eingef\u00fchrt wurden. Politik der Links von der Website, ist es m\u00f6glich, auf Inhalte von Websites Dritter umgeleitet werden. Da die verantwortliche Partei nicht immer die Inhalte kontrollieren kann, die von Dritten auf ihre jeweiligen Websites gestellt werden, \u00fcbernimmt sie keinerlei Verantwortung f\u00fcr diese Inhalte. In jedem Fall wird er unverz\u00fcglich alle Inhalte entfernen, die gegen die nationale oder internationale Gesetzgebung, die guten Sitten oder die \u00f6ffentliche Ordnung versto\u00dfen k\u00f6nnten, und die Weiterleitung zu dieser Website unverz\u00fcglich aufheben und die zust\u00e4ndigen Beh\u00f6rden \u00fcber den betreffenden Inhalt informieren. Die verantwortliche Partei ist nicht verantwortlich f\u00fcr die Informationen und Inhalte, die in Foren, Chats, Bloggeneratoren, Kommentaren, sozialen Netzwerken oder anderen Medien gespeichert werden, die es Dritten erm\u00f6glichen, Inhalte unabh\u00e4ngig auf der Website der verantwortlichen Partei zu ver\u00f6ffentlichen. Jedoch und in \u00dcbereinstimmung mit den Bestimmungen der Artikel 11 und 16 des LSSICE, steht allen Nutzern, Beh\u00f6rden und Sicherheitskr\u00e4ften zur Verf\u00fcgung, die aktiv an der Entfernung oder gegebenenfalls Sperrung aller Inhalte, die das nationale oder internationale Recht, die Rechte Dritter oder die Moral und die \u00f6ffentliche Ordnung beeintr\u00e4chtigen oder dagegen versto\u00dfen, mitwirken. Sollte der Nutzer der Ansicht sein, dass sich auf der Website Inhalte befinden, die f\u00fcr diese Einstufung in Frage kommen k\u00f6nnten, ist der Administrator der Website unverz\u00fcglich zu benachrichtigen. Diese Website wurde gepr\u00fcft und getestet, um sicherzustellen, dass sie korrekt funktioniert. Im Prinzip kann eine einwandfreie Funktion an 365 Tagen im Jahr und 24 Stunden am Tag garantiert werden. Der Verantwortliche kann jedoch nicht ausschlie\u00dfen, dass bestimmte Programmierfehler auftreten oder dass h\u00f6here Gewalt, Naturkatastrophen, Streiks oder \u00e4hnliche Umst\u00e4nde den Zugang zur Website unm\u00f6glich machen.<\/p>\n<h3><span style=\"color: #455b70;\">5. Zus\u00e4tzliche Bedingungen:<\/span><\/h3>\n<p>Der Nutzer, der die Daten eingibt, ist allein und endg\u00fcltig verantwortlich f\u00fcr die Richtigkeit der im Dienst bereitgestellten Informationen und f\u00fcr die \u00c4nderungen, die bis zur Beendigung desselben vorgenommen werden k\u00f6nnen.<\/p>\n<h3><span style=\"color: #455b70;\">6. Aktualisierung und \u00c4nderung von Informationen:<\/span><\/h3>\n<p>Die Informationen auf dieser Website entsprechen dem Stand zum Zeitpunkt der letzten Aktualisierung. BALUFY beh\u00e4lt sich das Recht vor, die Informationen auf dieser Website zu aktualisieren, zu \u00e4ndern oder zu l\u00f6schen und den Zugang zu ihr zu beschr\u00e4nken oder zu verweigern. Diese Website darf nicht ver\u00e4ndert, umgestaltet, modifiziert oder angepasst werden. BALUFY beh\u00e4lt sich jedoch das Recht vor, jederzeit so viele \u00c4nderungen und Modifikationen vorzunehmen, wie sie f\u00fcr angemessen h\u00e4lt, und kann von diesem Recht jederzeit und ohne vorherige Ank\u00fcndigung Gebrauch machen.<\/p>\n<h3><span style=\"color: #455b70;\">7. Anwendbares Recht und Gerichtsbarkeit:<\/span><\/h3>\n<p>Die vorliegenden Allgemeinen Gesch\u00e4ftsbedingungen unterliegen der allgemeinen spanischen Gesetzgebung und werden in \u00dcbereinstimmung mit dieser ausgelegt. F\u00fcr alle Fragen, die sich in Bezug auf die Auslegung, die Erf\u00fcllung, die Beendigung oder die Aufl\u00f6sung der Allgemeinen Bedingungen ergeben, unterwerfen sich die Parteien der Gerichtsbarkeit und Zust\u00e4ndigkeit der Gerichte der Stadt <strong>MIAMI<\/strong>. Nach spanischem Recht sind jedoch die Gerichte des jeweiligen Wohnsitzes gem\u00e4\u00df Artikel 52 der spanischen Zivilprozessordnung oder der jeweils geltenden Ersatzregelung f\u00fcr alle Fragen zust\u00e4ndig, die sich im Zusammenhang mit den vorliegenden Allgemeinen Gesch\u00e4ftsbedingungen ergeben k\u00f6nnen.<\/p>\n<p>&nbsp;<\/p>\n<\/div>\n<\/div>\n<p style=\"text-align: right;\">\n<\/div>\n<\/div>\n<\/div>\n<\/div>\n<\/div>","protected":false},"excerpt":{"rendered":"<p>Aviso legal REAL GW LLC en adelante BALUFY se reserva el derecho de modificar cualquier tipo de informaci\u00f3n que pudiera aparecer en el sitio web, sin que exista obligaci\u00f3n de preavisar o poner en conocimiento de los usuarios dichas obligaciones, entendi\u00e9ndose como suficiente con la publicaci\u00f3n en el sitio web de BALUFY. En cumplimiento del [&hellip;]<\/p>","protected":false},"author":31,"featured_media":0,"parent":0,"menu_order":0,"comment_status":"closed","ping_status":"closed","template":"","meta":{"footnotes":""},"class_list":["post-4020","page","type-page","status-publish","hentry"],"yoast_head":"<!-- This site is optimized with the Yoast SEO plugin v26.5 - https:\/\/yoast.com\/wordpress\/plugins\/seo\/ -->\n<title>Aviso Legal - Balufy<\/title>\n<meta name=\"robots\" content=\"noindex, follow, max-snippet:-1, max-image-preview:large, max-video-preview:-1\" \/>\n<meta property=\"og:locale\" content=\"de_DE\" \/>\n<meta property=\"og:type\" content=\"article\" \/>\n<meta property=\"og:title\" content=\"Aviso Legal - Balufy\" \/>\n<meta property=\"og:description\" content=\"Aviso legal REAL GW LLC en adelante BALUFY se reserva el derecho de modificar cualquier tipo de informaci\u00f3n que pudiera aparecer en el sitio web, sin que exista obligaci\u00f3n de preavisar o poner en conocimiento de los usuarios dichas obligaciones, entendi\u00e9ndose como suficiente con la publicaci\u00f3n en el sitio web de BALUFY. En cumplimiento del [&hellip;]\" \/>\n<meta property=\"og:url\" content=\"https:\/\/pruebas.balufy.com\/de\/rechtshinweis\/\" \/>\n<meta property=\"og:site_name\" content=\"Balufy\" \/>\n<meta property=\"article:publisher\" content=\"https:\/\/www.facebook.com\/Balufy-102705001596047\" \/>\n<meta property=\"article:modified_time\" content=\"2025-05-19T16:25:00+00:00\" \/>\n<meta name=\"twitter:card\" content=\"summary_large_image\" \/>\n<meta name=\"twitter:label1\" content=\"Gesch\u00e4tzte Lesezeit\" \/>\n\t<meta name=\"twitter:data1\" content=\"7\u00a0Minuten\" \/>\n<script type=\"application\/ld+json\" class=\"yoast-schema-graph\">{\"@context\":\"https:\/\/schema.org\",\"@graph\":[{\"@type\":\"WebPage\",\"@id\":\"https:\/\/pruebas.balufy.com\/de\/rechtshinweis\/\",\"url\":\"https:\/\/pruebas.balufy.com\/de\/rechtshinweis\/\",\"name\":\"Aviso Legal - Balufy\",\"isPartOf\":{\"@id\":\"https:\/\/pruebas.balufy.com\/es\/#website\"},\"datePublished\":\"2024-07-23T19:26:41+00:00\",\"dateModified\":\"2025-05-19T16:25:00+00:00\",\"breadcrumb\":{\"@id\":\"https:\/\/pruebas.balufy.com\/de\/rechtshinweis\/#breadcrumb\"},\"inLanguage\":\"de\",\"potentialAction\":[{\"@type\":\"ReadAction\",\"target\":[\"https:\/\/pruebas.balufy.com\/de\/rechtshinweis\/\"]}]},{\"@type\":\"BreadcrumbList\",\"@id\":\"https:\/\/pruebas.balufy.com\/de\/rechtshinweis\/#breadcrumb\",\"itemListElement\":[{\"@type\":\"ListItem\",\"position\":1,\"name\":\"Portada\",\"item\":\"https:\/\/pruebas.balufy.com\/es\/\"},{\"@type\":\"ListItem\",\"position\":2,\"name\":\"Aviso Legal\"}]},{\"@type\":\"WebSite\",\"@id\":\"https:\/\/pruebas.balufy.com\/es\/#website\",\"url\":\"https:\/\/pruebas.balufy.com\/es\/\",\"name\":\"Balufy\",\"description\":\"Balufy\",\"publisher\":{\"@id\":\"https:\/\/pruebas.balufy.com\/es\/#organization\"},\"potentialAction\":[{\"@type\":\"SearchAction\",\"target\":{\"@type\":\"EntryPoint\",\"urlTemplate\":\"https:\/\/pruebas.balufy.com\/es\/?s={search_term_string}\"},\"query-input\":{\"@type\":\"PropertyValueSpecification\",\"valueRequired\":true,\"valueName\":\"search_term_string\"}}],\"inLanguage\":\"de\"},{\"@type\":\"Organization\",\"@id\":\"https:\/\/pruebas.balufy.com\/es\/#organization\",\"name\":\"Balufy\",\"url\":\"https:\/\/pruebas.balufy.com\/es\/\",\"logo\":{\"@type\":\"ImageObject\",\"inLanguage\":\"de\",\"@id\":\"https:\/\/pruebas.balufy.com\/es\/#\/schema\/logo\/image\/\",\"url\":\"https:\/\/balufy.com\/wp-content\/uploads\/2022\/06\/LOGO_PNG.png\",\"contentUrl\":\"https:\/\/balufy.com\/wp-content\/uploads\/2022\/06\/LOGO_PNG.png\",\"width\":1366,\"height\":768,\"caption\":\"Balufy\"},\"image\":{\"@id\":\"https:\/\/pruebas.balufy.com\/es\/#\/schema\/logo\/image\/\"},\"sameAs\":[\"https:\/\/www.facebook.com\/Balufy-102705001596047\",\"https:\/\/www.instagram.com\/balufy_oficial\/\"]}]}<\/script>\n<!-- \/ Yoast SEO plugin. -->","yoast_head_json":{"title":"Rechtliche Hinweise - Balufy","robots":{"index":"noindex","follow":"follow","max-snippet":"max-snippet:-1","max-image-preview":"max-image-preview:large","max-video-preview":"max-video-preview:-1"},"og_locale":"de_DE","og_type":"article","og_title":"Aviso Legal - Balufy","og_description":"Aviso legal REAL GW LLC en adelante BALUFY se reserva el derecho de modificar cualquier tipo de informaci\u00f3n que pudiera aparecer en el sitio web, sin que exista obligaci\u00f3n de preavisar o poner en conocimiento de los usuarios dichas obligaciones, entendi\u00e9ndose como suficiente con la publicaci\u00f3n en el sitio web de BALUFY. En cumplimiento del [&hellip;]","og_url":"https:\/\/pruebas.balufy.com\/de\/rechtshinweis\/","og_site_name":"Balufy","article_publisher":"https:\/\/www.facebook.com\/Balufy-102705001596047","article_modified_time":"2025-05-19T16:25:00+00:00","twitter_card":"summary_large_image","twitter_misc":{"Gesch\u00e4tzte Lesezeit":"7\u00a0Minuten"},"schema":{"@context":"https:\/\/schema.org","@graph":[{"@type":"WebPage","@id":"https:\/\/pruebas.balufy.com\/de\/rechtshinweis\/","url":"https:\/\/pruebas.balufy.com\/de\/rechtshinweis\/","name":"Rechtliche Hinweise - Balufy","isPartOf":{"@id":"https:\/\/pruebas.balufy.com\/es\/#website"},"datePublished":"2024-07-23T19:26:41+00:00","dateModified":"2025-05-19T16:25:00+00:00","breadcrumb":{"@id":"https:\/\/pruebas.balufy.com\/de\/rechtshinweis\/#breadcrumb"},"inLanguage":"de","potentialAction":[{"@type":"ReadAction","target":["https:\/\/pruebas.balufy.com\/de\/rechtshinweis\/"]}]},{"@type":"BreadcrumbList","@id":"https:\/\/pruebas.balufy.com\/de\/rechtshinweis\/#breadcrumb","itemListElement":[{"@type":"ListItem","position":1,"name":"Portada","item":"https:\/\/pruebas.balufy.com\/es\/"},{"@type":"ListItem","position":2,"name":"Aviso Legal"}]},{"@type":"WebSite","@id":"https:\/\/pruebas.balufy.com\/es\/#website","url":"https:\/\/pruebas.balufy.com\/es\/","name":"Balufy","description":"Balufy","publisher":{"@id":"https:\/\/pruebas.balufy.com\/es\/#organization"},"potentialAction":[{"@type":"SearchAction","target":{"@type":"EntryPoint","urlTemplate":"https:\/\/pruebas.balufy.com\/es\/?s={search_term_string}"},"query-input":{"@type":"PropertyValueSpecification","valueRequired":true,"valueName":"search_term_string"}}],"inLanguage":"de"},{"@type":"Organization","@id":"https:\/\/pruebas.balufy.com\/es\/#organization","name":"Balufy","url":"https:\/\/pruebas.balufy.com\/es\/","logo":{"@type":"ImageObject","inLanguage":"de","@id":"https:\/\/pruebas.balufy.com\/es\/#\/schema\/logo\/image\/","url":"https:\/\/balufy.com\/wp-content\/uploads\/2022\/06\/LOGO_PNG.png","contentUrl":"https:\/\/balufy.com\/wp-content\/uploads\/2022\/06\/LOGO_PNG.png","width":1366,"height":768,"caption":"Balufy"},"image":{"@id":"https:\/\/pruebas.balufy.com\/es\/#\/schema\/logo\/image\/"},"sameAs":["https:\/\/www.facebook.com\/Balufy-102705001596047","https:\/\/www.instagram.com\/balufy_oficial\/"]}]}},"_links":{"self":[{"href":"https:\/\/pruebas.balufy.com\/de\/wp-json\/wp\/v2\/pages\/4020","targetHints":{"allow":["GET"]}}],"collection":[{"href":"https:\/\/pruebas.balufy.com\/de\/wp-json\/wp\/v2\/pages"}],"about":[{"href":"https:\/\/pruebas.balufy.com\/de\/wp-json\/wp\/v2\/types\/page"}],"author":[{"embeddable":true,"href":"https:\/\/pruebas.balufy.com\/de\/wp-json\/wp\/v2\/users\/31"}],"replies":[{"embeddable":true,"href":"https:\/\/pruebas.balufy.com\/de\/wp-json\/wp\/v2\/comments?post=4020"}],"version-history":[{"count":0,"href":"https:\/\/pruebas.balufy.com\/de\/wp-json\/wp\/v2\/pages\/4020\/revisions"}],"wp:attachment":[{"href":"https:\/\/pruebas.balufy.com\/de\/wp-json\/wp\/v2\/media?parent=4020"}],"curies":[{"name":"wp","href":"https:\/\/api.w.org\/{rel}","templated":true}]}}