{"id":3835,"date":"2024-07-19T11:18:21","date_gmt":"2024-07-19T09:18:21","guid":{"rendered":"https:\/\/balufy.com\/?page_id=3835"},"modified":"2025-04-29T21:41:53","modified_gmt":"2025-04-29T19:41:53","slug":"hilfe-zentrum","status":"publish","type":"page","link":"https:\/\/pruebas.balufy.com\/de\/hilfe-zentrum\/","title":{"rendered":"Hilfe-Center"},"content":{"rendered":"<div data-elementor-type=\"wp-page\" data-elementor-id=\"3835\" class=\"elementor elementor-3835\" data-elementor-post-type=\"page\">\n\t\t\t\t\t\t<section class=\"elementor-section elementor-top-section elementor-element elementor-element-4248162 elementor-section-boxed elementor-section-height-default elementor-section-height-default\" data-id=\"4248162\" data-element_type=\"section\">\n\t\t\t\t\t\t<div class=\"elementor-container elementor-column-gap-default\">\n\t\t\t\t\t<div class=\"elementor-column elementor-col-100 elementor-top-column elementor-element elementor-element-2afb40d\" data-id=\"2afb40d\" data-element_type=\"column\">\n\t\t\t<div class=\"elementor-widget-wrap elementor-element-populated\">\n\t\t\t\t\t\t<div class=\"elementor-element elementor-element-bbea643 elementor-widget elementor-widget-text-editor\" data-id=\"bbea643\" data-element_type=\"widget\" data-widget_type=\"text-editor.default\">\n\t\t\t\t<div class=\"elementor-widget-container\">\n\t\t\t\t\t\t\t\t\t<h2><strong>Wenn Sie Hilfe bei Ihrer Buchung ben\u00f6tigen oder mehr \u00fcber Balufy erfahren m\u00f6chten, sind Sie hier genau richtig!<\/strong><\/h2><p data-sourcepos=\"5:1-5:521\">Bei Balufy.com, Ihrer vertrauensw\u00fcrdigen Plattform\u00a0<strong><span style=\"color: #000000;\">um einzigartige Erlebnisse zu entdecken in<\/span>\u00a0<a href=\"https:\/\/balufy.com\/listings\/?keyword_search=&amp;location_search=Mallorca%2C+Islas+Baleares%2C+Espa%C3%B1a&amp;date_range=&amp;_max_guests=&amp;tax-listing_category=&amp;action=listeo_get_listings\">Mallorca<\/a>\u00a0y\u00a0<a href=\"https:\/\/balufy.com\/listings\/?keyword_search=&amp;location_search=Marbella%2C+Costa+del+Sol+Occidental%2C+M%C3%A1laga%2C+Andaluc%C3%ADa%2C+Espa%C3%B1a&amp;date_range=&amp;_max_guests=&amp;tax-listing_category=&amp;action=listeo_get_listings\">Marbella<\/a>,<\/strong>\u00a0Wir m\u00f6chten sicherstellen, dass Ihre Reise von dem Moment an, in dem Sie uns besuchen, bis zu Ihrer R\u00fcckkehr nach Hause perfekt verl\u00e4uft. Wir verstehen, dass manchmal Fragen auftauchen oder Sie eine kleine Hilfestellung ben\u00f6tigen. Deshalb haben wir dieses umfassende Hilfezentrum eingerichtet.<\/p><p data-sourcepos=\"5:1-5:521\"><strong>Hier finden Sie Antworten auf die am h\u00e4ufigsten gestellten Fragen,<\/strong>\u00a0ausf\u00fchrliche Leitf\u00e4den und alle Informationen, die Sie ben\u00f6tigen\u00a0<a href=\"https:\/\/balufy.com\/news-balufy\/\"><strong>zu planen und das Beste aus Ihrem Luxusurlaub zu machen.<\/strong><\/a><\/p><p data-sourcepos=\"7:1-7:485\">Bei Balufy geht es nicht nur um die Vermietung von exklusiven Ferienh\u00e4usern und -wohnungen.\u00a0<strong>Wir sind Ihr Tor zu einer Welt voller unvergesslicher Erlebnisse in zwei der begehrtesten Reiseziele des Mittelmeers.<\/strong><\/p><p data-sourcepos=\"7:1-7:485\">Tr\u00e4umen Sie von\u00a0<a href=\"https:\/\/balufy.com\/categor%C3%ADa%20de%20alquiler\/rent-a-car\/\"><strong>Segeln in den kristallklaren Gew\u00e4ssern von Mallorca<\/strong><\/a>\u00a0K\u00f6nnen Sie sich den Adrenalinsto\u00df vorstellen, den es bedeutet, auf einem leistungsstarken Jetski an der K\u00fcste von Marbella entlangzufahren, oder m\u00f6chten Sie lieber\u00a0<strong><a href=\"https:\/\/balufy.com\/categor%C3%ADa%20de%20listado\/rent-a-car\/\">die Insel in Ihrem eigenen Tempo in einem Luxuswagen erkunden?<\/a><\/strong>\u00a0<span style=\"color: #6cb197;\"><strong>Wir von Balufy machen Ihre W\u00fcnsche wahr.<\/strong><\/span><\/p><p data-sourcepos=\"9:1-9:373\">Neben au\u00dfergew\u00f6hnlichen Unterk\u00fcnften und aufregenden Aktivit\u00e4ten zu Lande und zu Wasser bieten wir einen pers\u00f6nlichen Concierge-Service, damit Sie sich um nichts k\u00fcmmern m\u00fcssen. Von der Reservierung in den exklusivsten Restaurants bis hin zur Organisation ma\u00dfgeschneiderter Sightseeing-Erlebnisse - unser Team ist daf\u00fcr da, Ihren Urlaub zu einem unvergleichlichen Erlebnis zu machen.<br \/><br \/><\/p><h3 data-sourcepos=\"11:1-11:141\">Dieses Hilfezentrum soll Ihr bester Verb\u00fcndeter sein.\u00a0<\/h3><p data-sourcepos=\"11:1-11:141\">In den nachstehenden Abschnitten finden Sie die gew\u00fcnschten Informationen:<\/p><ul><li><span style=\"color: #364a5e;\"><strong>Neue Funktionen:<\/strong><\/span> Auf dem Laufenden bleiben <strong><a href=\"https:\/\/balufy.com\/nuevas-funciones\/\">mit den neuesten Nachrichten und Verbesserungen<\/a><\/strong> die wir in Balufy.com implementiert haben. In diesem Abschnitt informieren wir Sie \u00fcber neue Funktionen der Plattform, Aktualisierungen der Benutzeroberfl\u00e4che, Tools zur Verbesserung Ihrer Benutzererfahrung und andere Innovationen, die Ihnen helfen, Ihre Reisen einfacher und effizienter zu planen und zu genie\u00dfen.<br \/><br \/><\/li><li><span style=\"color: #364a5e;\"><strong>Ma\u00dfgeschneiderte Erlebnisse:<\/strong> <\/span>Haben Sie eine bestimmte Vorstellung von Ihrem Urlaub auf Mallorca oder in Marbella? Finden Sie heraus, wie Sie<a href=\"https:\/\/balufy.com\/experiencias-a-medida\/\"><strong> Unser Team kann Ihnen bei der Gestaltung von ma\u00dfgeschneiderten Tourismus- und Freizeiterlebnissen helfen,<\/strong><\/a> Von privaten Abendessen mit Sternek\u00f6chen bis hin zu exklusiven Ausfl\u00fcgen und ma\u00dfgeschneiderten Veranstaltungen - teilen Sie uns Ihre Vorstellungen mit und wir setzen sie in die Tat um!<br \/><br \/><\/li><li><span style=\"color: #364a5e;\"><strong>Concierge-Dienste:<\/strong> <\/span>Entdecken Sie die gesamte Palette der <strong><a href=\"https:\/\/balufy.com\/servicios-concierge-de-lujo-mallorca\/\">Luxusdienstleistungen, die wir anbieten, um Ihren Aufenthalt noch angenehmer zu gestalten.<\/a> <\/strong>Von der Organisation von Transfers und Mietwagen bis hin zur Buchung von guten Restaurants, Veranstaltungsmanagement und lokalen Empfehlungen steht unser Concierge-Team bereit, um alle Ihre W\u00fcnsche zu erf\u00fcllen.<br \/><br \/><\/li><li><span style=\"color: #364a5e;\"><strong>Leitfaden f\u00fcr Gastgeber:<\/strong>\u00a0<\/span>Wenn Sie ein Hausbesitzer sind und der Balufy-Gemeinschaft beitreten m\u00f6chten, finden Sie in diesem Abschnitt alle Informationen, die Sie f\u00fcr den Einstieg ben\u00f6tigen. <a href=\"https:\/\/balufy.com\/guia-para-anfitriones\/\"><strong>bieten Sie Ihre Immobilien und Erfahrungen an.<\/strong><\/a><br \/><br \/><\/li><li><span style=\"color: #364a5e;\"><strong>Setzen Sie Ihr Haus in Balufy:<\/strong> <\/span>Besitzen Sie eine Villa, eine Wohnung oder haben Sie einzigartige Erlebnisse auf Mallorca oder Marbella zu bieten? Erfahren Sie mehr unter <a href=\"https:\/\/balufy.com\/por-que-reservar-con-nosotros\/\"><strong>wie Sie unserer exklusiven Gastgebergemeinschaft beitreten k\u00f6nnen<\/strong> <\/a>und erreichen Sie ein weltweites Publikum von anspruchsvollen Reisenden. Wir bieten Ihnen die Werkzeuge und Unterst\u00fctzung, die Sie ben\u00f6tigen, um die Sichtbarkeit und Rentabilit\u00e4t Ihrer Immobilien und Dienstleistungen zu maximieren.<br \/><br \/><\/li><li><span style=\"color: #364a5e;\"><strong>Besch\u00e4ftigung:<\/strong> <\/span>Haben Sie eine Leidenschaft f\u00fcr den Luxustourismus und exklusive Erlebnisse? Entdecken Sie <a href=\"https:\/\/balufy.com\/empleo\/\"><strong>unsere Stellenangebote und die Mitarbeit in unserem Team<\/strong><\/a> auf Balufy.com. Suchen Sie nach freien Stellen und finden Sie heraus, wie Sie dazu beitragen k\u00f6nnen, unseren Kunden auf Mallorca und Marbella unvergessliche Erlebnisse zu bieten.<br \/><br \/><\/li><li><span style=\"color: #364a5e;\"><strong>Kontakt:<\/strong>\u00a0<\/span>Wenn Sie die gesuchte Antwort nicht finden, z\u00f6gern Sie nicht, uns zu kontaktieren. <a href=\"https:\/\/balufy.com\/contacto\/\"><strong>Bitte kontaktieren Sie unseren Kundenservice.<\/strong><\/a> Wir sind hier, um Ihnen zu helfen!<br \/><br \/><\/li><li><span style=\"color: #364a5e;\"><strong>Stornierungsbedingungen:<\/strong>\u00a0<\/span>Verstehen Sie unsere Bedingungen und Konditionen <strong><a href=\"https:\/\/balufy.com\/politicas-de-cancelacion\/\">f\u00fcr \u00c4nderungen oder Annullierungen<\/a><\/strong> der Reservierungen.<br \/><br \/><\/li><li><span style=\"color: #364a5e;\"><strong>Bedingungen und Konditionen:<\/strong><\/span> Konsultation <strong><a href=\"https:\/\/balufy.com\/terminos-y-condiciones\/\">die rechtlichen Einzelheiten der Nutzung unserer Plattform<\/a> <\/strong>und unsere Dienstleistungen, einschlie\u00dflich Buchungsbedingungen, Zahlungen, Verantwortlichkeiten und Datenschutzrichtlinien. Informieren Sie sich \u00fcber Ihre Rechte und Pflichten als Nutzer von Balufy.com.<\/li><\/ul><p data-sourcepos=\"19:1-19:197\">\u00a0<\/p>\t\t\t\t\t\t\t\t<\/div>\n\t\t\t\t<\/div>\n\t\t\t\t\t<\/div>\n\t\t<\/div>\n\t\t\t\t\t<\/div>\n\t\t<\/section>\n\t\t<div class=\"elementor-element elementor-element-e624ef3 e-flex e-con-boxed e-con e-parent\" data-id=\"e624ef3\" data-element_type=\"container\">\n\t\t\t\t\t<div class=\"e-con-inner\">\n\t\t\t\t<div class=\"elementor-element elementor-element-cb3661d elementor-widget elementor-widget-heading\" data-id=\"cb3661d\" data-element_type=\"widget\" data-widget_type=\"heading.default\">\n\t\t\t\t<div class=\"elementor-widget-container\">\n\t\t\t\t\t<h3 class=\"elementor-heading-title elementor-size-default\">Bei Balufy.com ist Ihre Zufriedenheit unsere Priorit\u00e4t.<\/h3>\t\t\t\t<\/div>\n\t\t\t\t<\/div>\n\t\t\t\t<div class=\"elementor-element elementor-element-bfd6499 elementor-widget elementor-widget-text-editor\" data-id=\"bfd6499\" data-element_type=\"widget\" data-widget_type=\"text-editor.default\">\n\t\t\t\t<div class=\"elementor-widget-container\">\n\t\t\t\t\t\t\t\t\t<p style=\"text-align: center;\">\u00a0Entdecken Sie dieses Help Centre und machen Sie sich bereit f\u00fcr unvergessliche Erlebnisse auf Mallorca und Marbella. <br \/><a href=\"https:\/\/balufy.com\/\"><strong>Ihr Luxusabenteuer beginnt hier!<\/strong><\/a><\/p>\t\t\t\t\t\t\t\t<\/div>\n\t\t\t\t<\/div>\n\t\t\t\t\t<\/div>\n\t\t\t\t<\/div>\n\t\t\t\t<\/div>","protected":false},"excerpt":{"rendered":"<p>\u00bfNecesitas ayuda con tu reserva o quieres saber m\u00e1s sobre Balufy? \u00a1Est\u00e1s en el lugar adecuado! En Balufy.com, tu plataforma de confianza\u00a0para descubrir experiencias \u00fanicas en\u00a0Mallorca\u00a0y\u00a0Marbella,\u00a0queremos asegurarnos de que tu viaje sea perfecto desde el momento en que nos visitas hasta que regresas a casa. Entendemos que a veces surgen preguntas o necesitas un poco [&hellip;]<\/p>","protected":false},"author":31,"featured_media":0,"parent":0,"menu_order":0,"comment_status":"closed","ping_status":"closed","template":"","meta":{"footnotes":""},"class_list":["post-3835","page","type-page","status-publish","hentry"],"yoast_head":"<!-- This site is optimized with the Yoast SEO plugin v26.5 - https:\/\/yoast.com\/wordpress\/plugins\/seo\/ -->\n<title>Centro de ayuda Balufy | asistencia exclusiva e impecable<\/title>\n<meta name=\"description\" content=\"Soporte personalizado en el Centro de ayuda de Balufy. Gestiona tus reservas, consulta pol\u00edticas y recibe asistencia, sin preocupaciones.\" \/>\n<meta name=\"robots\" content=\"noindex, follow, max-snippet:-1, max-image-preview:large, max-video-preview:-1\" \/>\n<meta property=\"og:locale\" content=\"de_DE\" \/>\n<meta property=\"og:type\" content=\"article\" \/>\n<meta property=\"og:title\" content=\"Centro de ayuda Balufy | asistencia exclusiva e impecable\" \/>\n<meta property=\"og:description\" content=\"Soporte personalizado en el Centro de ayuda de Balufy. Gestiona tus reservas, consulta pol\u00edticas y recibe asistencia, sin preocupaciones.\" \/>\n<meta property=\"og:url\" content=\"https:\/\/pruebas.balufy.com\/de\/hilfe-zentrum\/\" \/>\n<meta property=\"og:site_name\" content=\"Balufy\" \/>\n<meta property=\"article:publisher\" content=\"https:\/\/www.facebook.com\/Balufy-102705001596047\" \/>\n<meta property=\"article:modified_time\" content=\"2025-04-29T19:41:53+00:00\" \/>\n<meta name=\"twitter:card\" content=\"summary_large_image\" \/>\n<meta name=\"twitter:label1\" content=\"Gesch\u00e4tzte Lesezeit\" \/>\n\t<meta name=\"twitter:data1\" content=\"4\u00a0Minuten\" \/>\n<script type=\"application\/ld+json\" class=\"yoast-schema-graph\">{\"@context\":\"https:\/\/schema.org\",\"@graph\":[{\"@type\":\"WebPage\",\"@id\":\"https:\/\/pruebas.balufy.com\/es\/centro-de-ayuda\/\",\"url\":\"https:\/\/pruebas.balufy.com\/es\/centro-de-ayuda\/\",\"name\":\"Centro de ayuda Balufy | asistencia exclusiva e impecable\",\"isPartOf\":{\"@id\":\"https:\/\/pruebas.balufy.com\/es\/#website\"},\"datePublished\":\"2024-07-19T09:18:21+00:00\",\"dateModified\":\"2025-04-29T19:41:53+00:00\",\"description\":\"Soporte personalizado en el Centro de ayuda de Balufy. Gestiona tus reservas, consulta pol\u00edticas y recibe asistencia, sin preocupaciones.\",\"breadcrumb\":{\"@id\":\"https:\/\/pruebas.balufy.com\/es\/centro-de-ayuda\/#breadcrumb\"},\"inLanguage\":\"de\",\"potentialAction\":[{\"@type\":\"ReadAction\",\"target\":[\"https:\/\/pruebas.balufy.com\/es\/centro-de-ayuda\/\"]}]},{\"@type\":\"BreadcrumbList\",\"@id\":\"https:\/\/pruebas.balufy.com\/es\/centro-de-ayuda\/#breadcrumb\",\"itemListElement\":[{\"@type\":\"ListItem\",\"position\":1,\"name\":\"Portada\",\"item\":\"https:\/\/pruebas.balufy.com\/es\/\"},{\"@type\":\"ListItem\",\"position\":2,\"name\":\"Centro de Ayuda\"}]},{\"@type\":\"WebSite\",\"@id\":\"https:\/\/pruebas.balufy.com\/es\/#website\",\"url\":\"https:\/\/pruebas.balufy.com\/es\/\",\"name\":\"Balufy\",\"description\":\"Balufy\",\"publisher\":{\"@id\":\"https:\/\/pruebas.balufy.com\/es\/#organization\"},\"potentialAction\":[{\"@type\":\"SearchAction\",\"target\":{\"@type\":\"EntryPoint\",\"urlTemplate\":\"https:\/\/pruebas.balufy.com\/es\/?s={search_term_string}\"},\"query-input\":{\"@type\":\"PropertyValueSpecification\",\"valueRequired\":true,\"valueName\":\"search_term_string\"}}],\"inLanguage\":\"de\"},{\"@type\":\"Organization\",\"@id\":\"https:\/\/pruebas.balufy.com\/es\/#organization\",\"name\":\"Balufy\",\"url\":\"https:\/\/pruebas.balufy.com\/es\/\",\"logo\":{\"@type\":\"ImageObject\",\"inLanguage\":\"de\",\"@id\":\"https:\/\/pruebas.balufy.com\/es\/#\/schema\/logo\/image\/\",\"url\":\"https:\/\/balufy.com\/wp-content\/uploads\/2022\/06\/LOGO_PNG.png\",\"contentUrl\":\"https:\/\/balufy.com\/wp-content\/uploads\/2022\/06\/LOGO_PNG.png\",\"width\":1366,\"height\":768,\"caption\":\"Balufy\"},\"image\":{\"@id\":\"https:\/\/pruebas.balufy.com\/es\/#\/schema\/logo\/image\/\"},\"sameAs\":[\"https:\/\/www.facebook.com\/Balufy-102705001596047\",\"https:\/\/www.instagram.com\/balufy_oficial\/\"]}]}<\/script>\n<!-- \/ Yoast SEO plugin. -->","yoast_head_json":{"title":"Balufy Helpdesk : exklusive und tadellose Unterst\u00fctzung","description":"Pers\u00f6nliche Unterst\u00fctzung im Balufy Help Centre. Verwalten Sie Ihre Buchungen, pr\u00fcfen Sie die Richtlinien und erhalten Sie Hilfe - ganz ohne Sorgen.","robots":{"index":"noindex","follow":"follow","max-snippet":"max-snippet:-1","max-image-preview":"max-image-preview:large","max-video-preview":"max-video-preview:-1"},"og_locale":"de_DE","og_type":"article","og_title":"Centro de ayuda Balufy | asistencia exclusiva e impecable","og_description":"Soporte personalizado en el Centro de ayuda de Balufy. Gestiona tus reservas, consulta pol\u00edticas y recibe asistencia, sin preocupaciones.","og_url":"https:\/\/pruebas.balufy.com\/de\/hilfe-zentrum\/","og_site_name":"Balufy","article_publisher":"https:\/\/www.facebook.com\/Balufy-102705001596047","article_modified_time":"2025-04-29T19:41:53+00:00","twitter_card":"summary_large_image","twitter_misc":{"Gesch\u00e4tzte Lesezeit":"4\u00a0Minuten"},"schema":{"@context":"https:\/\/schema.org","@graph":[{"@type":"WebPage","@id":"https:\/\/pruebas.balufy.com\/es\/centro-de-ayuda\/","url":"https:\/\/pruebas.balufy.com\/es\/centro-de-ayuda\/","name":"Balufy Helpdesk : exklusive und tadellose Unterst\u00fctzung","isPartOf":{"@id":"https:\/\/pruebas.balufy.com\/es\/#website"},"datePublished":"2024-07-19T09:18:21+00:00","dateModified":"2025-04-29T19:41:53+00:00","description":"Pers\u00f6nliche Unterst\u00fctzung im Balufy Help Centre. Verwalten Sie Ihre Buchungen, pr\u00fcfen Sie die Richtlinien und erhalten Sie Hilfe - ganz ohne Sorgen.","breadcrumb":{"@id":"https:\/\/pruebas.balufy.com\/es\/centro-de-ayuda\/#breadcrumb"},"inLanguage":"de","potentialAction":[{"@type":"ReadAction","target":["https:\/\/pruebas.balufy.com\/es\/centro-de-ayuda\/"]}]},{"@type":"BreadcrumbList","@id":"https:\/\/pruebas.balufy.com\/es\/centro-de-ayuda\/#breadcrumb","itemListElement":[{"@type":"ListItem","position":1,"name":"Portada","item":"https:\/\/pruebas.balufy.com\/es\/"},{"@type":"ListItem","position":2,"name":"Centro de Ayuda"}]},{"@type":"WebSite","@id":"https:\/\/pruebas.balufy.com\/es\/#website","url":"https:\/\/pruebas.balufy.com\/es\/","name":"Balufy","description":"Balufy","publisher":{"@id":"https:\/\/pruebas.balufy.com\/es\/#organization"},"potentialAction":[{"@type":"SearchAction","target":{"@type":"EntryPoint","urlTemplate":"https:\/\/pruebas.balufy.com\/es\/?s={search_term_string}"},"query-input":{"@type":"PropertyValueSpecification","valueRequired":true,"valueName":"search_term_string"}}],"inLanguage":"de"},{"@type":"Organization","@id":"https:\/\/pruebas.balufy.com\/es\/#organization","name":"Balufy","url":"https:\/\/pruebas.balufy.com\/es\/","logo":{"@type":"ImageObject","inLanguage":"de","@id":"https:\/\/pruebas.balufy.com\/es\/#\/schema\/logo\/image\/","url":"https:\/\/balufy.com\/wp-content\/uploads\/2022\/06\/LOGO_PNG.png","contentUrl":"https:\/\/balufy.com\/wp-content\/uploads\/2022\/06\/LOGO_PNG.png","width":1366,"height":768,"caption":"Balufy"},"image":{"@id":"https:\/\/pruebas.balufy.com\/es\/#\/schema\/logo\/image\/"},"sameAs":["https:\/\/www.facebook.com\/Balufy-102705001596047","https:\/\/www.instagram.com\/balufy_oficial\/"]}]}},"_links":{"self":[{"href":"https:\/\/pruebas.balufy.com\/de\/wp-json\/wp\/v2\/pages\/3835","targetHints":{"allow":["GET"]}}],"collection":[{"href":"https:\/\/pruebas.balufy.com\/de\/wp-json\/wp\/v2\/pages"}],"about":[{"href":"https:\/\/pruebas.balufy.com\/de\/wp-json\/wp\/v2\/types\/page"}],"author":[{"embeddable":true,"href":"https:\/\/pruebas.balufy.com\/de\/wp-json\/wp\/v2\/users\/31"}],"replies":[{"embeddable":true,"href":"https:\/\/pruebas.balufy.com\/de\/wp-json\/wp\/v2\/comments?post=3835"}],"version-history":[{"count":0,"href":"https:\/\/pruebas.balufy.com\/de\/wp-json\/wp\/v2\/pages\/3835\/revisions"}],"wp:attachment":[{"href":"https:\/\/pruebas.balufy.com\/de\/wp-json\/wp\/v2\/media?parent=3835"}],"curies":[{"name":"wp","href":"https:\/\/api.w.org\/{rel}","templated":true}]}}